{"id":12403,"date":"2025-12-12T18:38:40","date_gmt":"2025-12-12T17:38:40","guid":{"rendered":"https:\/\/g-wie-gerry.de\/?page_id=12403"},"modified":"2025-12-12T18:43:03","modified_gmt":"2025-12-12T17:43:03","slug":"luxuria","status":"publish","type":"page","link":"https:\/\/g-wie-gerry.de\/en\/obscuritas\/luxuria\/","title":{"rendered":"Luxuria"},"content":{"rendered":"<div data-elementor-type=\"wp-page\" data-elementor-id=\"12403\" class=\"elementor elementor-12403\" data-elementor-post-type=\"page\">\n\t\t\t\t<div class=\"elementor-element elementor-element-732e44e e-flex e-con-boxed e-con e-parent\" data-id=\"732e44e\" data-element_type=\"container\" data-e-type=\"container\" data-settings=\"{&quot;background_background&quot;:&quot;classic&quot;}\">\n\t\t\t\t\t<div class=\"e-con-inner\">\n\t\t\t\t<div class=\"elementor-element elementor-element-927206c elementor-widget elementor-widget-heading\" data-id=\"927206c\" data-element_type=\"widget\" data-e-type=\"widget\" data-widget_type=\"heading.default\">\n\t\t\t\t\t<h2 class=\"elementor-heading-title elementor-size-default\">Luxuria - Lust<\/h2>\t\t\t\t<\/div>\n\t\t\t\t<div class=\"elementor-element elementor-element-cee6e82 elementor-widget elementor-widget-text-editor\" data-id=\"cee6e82\" data-element_type=\"widget\" data-e-type=\"widget\" data-widget_type=\"text-editor.default\">\n\t\t\t\t\t\t\t\t\t<p>Luxuria is not just about sexuality. It is the search for intensity, for stimulation, for the feeling of sensing something at all. This category deals with all those moments when one has tried to cover up inner silence, emptiness or numbness with external intensity.<\/p><p>Lust is the attempt to feel yourself when your body or psyche otherwise give too little feedback.<\/p><p>This is not about embarrassment or justification, but about clear reflection: Why do I sometimes need more stimulation than others? Why do I seek certain experiences or dynamics? Why do sensory stimuli often replace real closeness?<\/p><p>These texts shed light on how luxuria functions as an outlet: impulsive, instinctive, sometimes escapist \u2014 but never without reason.<\/p><p>It is about recognising the role that lust plays in self-regulation, where it relieves pressure, where it compensates and where it may even be harmless.<\/p><p>Luxuria in this category is a sober look at one's own intensities: the search for feeling, for confirmation, for physicality, for distraction. It is a place where one names how much of it is meant to alleviate overload and how much is an expression of genuine longing.<br data-start=\"4802\" data-end=\"4805\" \/>No romanticisation. No self-deprecation. Just clarity.<\/p><p>I deal with this because for me, desire is often not physical, but an attempt to fill an inner void. Luxury and lust are escape valves. I want to separate what is real from what is merely numbing. And also to release the brakes that prevent me from discovering. And how I was able to discover things in the end.<\/p>\t\t\t\t\t\t\t\t<\/div>\n\t\t\t\t<div class=\"elementor-element elementor-element-5d65b46 elementor-widget-divider--view-line_text elementor-widget-divider--element-align-center elementor-widget elementor-widget-divider\" data-id=\"5d65b46\" data-element_type=\"widget\" data-e-type=\"widget\" data-widget_type=\"divider.default\">\n\t\t\t\t\t\t\t<div class=\"elementor-divider\">\n\t\t\t<span class=\"elementor-divider-separator\">\n\t\t\t\t\t\t\t<h1 class=\"elementor-divider__text elementor-divider__element\">\n\t\t\t\tPosts\t\t\t\t<\/h1>\n\t\t\t\t\t\t<\/span>\n\t\t<\/div>\n\t\t\t\t\t\t<\/div>\n\t\t\t\t<div class=\"elementor-element elementor-element-bb6fb60 elementor-grid-4 elementor-posts--align-left elementor-grid-tablet-2 elementor-grid-mobile-1 elementor-posts--thumbnail-top elementor-card-shadow-yes elementor-posts__hover-gradient load-more-align-center elementor-widget elementor-widget-posts\" data-id=\"bb6fb60\" data-element_type=\"widget\" data-e-type=\"widget\" data-settings=\"{&quot;cards_columns&quot;:&quot;4&quot;,&quot;pagination_type&quot;:&quot;load_more_on_click&quot;,&quot;cards_columns_tablet&quot;:&quot;2&quot;,&quot;cards_columns_mobile&quot;:&quot;1&quot;,&quot;cards_row_gap&quot;:{&quot;unit&quot;:&quot;px&quot;,&quot;size&quot;:35,&quot;sizes&quot;:[]},&quot;cards_row_gap_tablet&quot;:{&quot;unit&quot;:&quot;px&quot;,&quot;size&quot;:&quot;&quot;,&quot;sizes&quot;:[]},&quot;cards_row_gap_mobile&quot;:{&quot;unit&quot;:&quot;px&quot;,&quot;size&quot;:&quot;&quot;,&quot;sizes&quot;:[]},&quot;load_more_spinner&quot;:{&quot;value&quot;:&quot;fas fa-spinner&quot;,&quot;library&quot;:&quot;fa-solid&quot;}}\" data-widget_type=\"posts.cards\">\n\t\t\t\t<div class=\"elementor-widget-container\">\n\t\t\t\t\t\t\t<div class=\"elementor-posts-container elementor-posts elementor-posts--skin-cards elementor-grid\" role=\"list\">\n\t\t\t\t<article class=\"elementor-post elementor-grid-item post-13573 post type-post status-publish format-standard has-post-thumbnail hentry category-luxuria category-vices\" role=\"listitem\">\n\t\t\t<div class=\"elementor-post__card\">\n\t\t\t\t<a class=\"elementor-post__thumbnail__link\" href=\"https:\/\/g-wie-gerry.de\/en\/luxuria-1-hate-wutabbau-beim-sex-oder-doch-falsche-wahrnehmung-anderer\/\" tabindex=\"-1\" ><div class=\"elementor-post__thumbnail\"><img fetchpriority=\"high\" decoding=\"async\" width=\"300\" height=\"300\" src=\"https:\/\/g-wie-gerry.de\/wp-content\/uploads\/2025\/12\/D1-2-300x300.webp\" class=\"attachment-medium size-medium wp-image-13539\" alt=\"Titelbild eines Beitrags\" srcset=\"https:\/\/g-wie-gerry.de\/wp-content\/uploads\/2025\/12\/D1-2-300x300.webp 300w, https:\/\/g-wie-gerry.de\/wp-content\/uploads\/2025\/12\/D1-2-1024x1024.webp 1024w, https:\/\/g-wie-gerry.de\/wp-content\/uploads\/2025\/12\/D1-2-150x150.webp 150w, https:\/\/g-wie-gerry.de\/wp-content\/uploads\/2025\/12\/D1-2-768x768.webp 768w, https:\/\/g-wie-gerry.de\/wp-content\/uploads\/2025\/12\/D1-2-12x12.webp 12w, https:\/\/g-wie-gerry.de\/wp-content\/uploads\/2025\/12\/D1-2.webp 1500w\" sizes=\"(max-width: 300px) 100vw, 300px\" \/><\/div><\/a>\n\t\t\t\t<div class=\"elementor-post__text\">\n\t\t\t\t<h3 class=\"elementor-post__title\">\n\t\t\t<a href=\"https:\/\/g-wie-gerry.de\/en\/luxuria-1-hate-wutabbau-beim-sex-oder-doch-falsche-wahrnehmung-anderer\/\" >\n\t\t\t\tLuxuria #1 \u2013 Hate**** \u2013 Releasing Anger Through Sex (or Just Others\u2019 Misperception?)\t\t\t<\/a>\n\t\t<\/h3>\n\t\t\t\t<div class=\"elementor-post__excerpt\">\n\t\t\t<p>Vorbemerkung: Worum es hier (nicht) geht Ja. Der Titel ist sehr lang. Sorry. Aber ich konnte es nicht anders beschreiben.<\/p>\n\t\t<\/div>\n\t\t\t\t\t<div class=\"elementor-post__read-more-wrapper\">\n\t\t\n\t\t<a class=\"elementor-post__read-more\" href=\"https:\/\/g-wie-gerry.de\/en\/luxuria-1-hate-wutabbau-beim-sex-oder-doch-falsche-wahrnehmung-anderer\/\" aria-label=\"Read more about Luxuria #1 \u2013 Hate**** \u2013 Wutabbau beim Sex (oder doch falsche Wahrnehmung anderer?)\" tabindex=\"-1\" >\n\t\t\tWeiterlesen \u00bb\t\t<\/a>\n\n\t\t\t\t\t<\/div>\n\t\t\t\t<\/div>\n\t\t\t\t<div class=\"elementor-post__meta-data\">\n\t\t\t\t\t<span class=\"elementor-post-date\">\n\t\t\t24. January 2026\t\t<\/span>\n\t\t\t\t<span class=\"elementor-post-avatar\">\n\t\t\tNo Comments\t\t<\/span>\n\t\t\t\t<\/div>\n\t\t\t\t\t<\/div>\n\t\t<\/article>\n\t\t\t\t<\/div>\n\t\t\t\t\t<span class=\"e-load-more-spinner\">\n\t\t\t\t<svg aria-hidden=\"true\" class=\"e-font-icon-svg e-fas-spinner\" viewbox=\"0 0 512 512\" xmlns=\"http:\/\/www.w3.org\/2000\/svg\"><path d=\"M304 48c0 26.51-21.49 48-48 48s-48-21.49-48-48 21.49-48 48-48 48 21.49 48 48zm-48 368c-26.51 0-48 21.49-48 48s21.49 48 48 48 48-21.49 48-48-21.49-48-48-48zm208-208c-26.51 0-48 21.49-48 48s21.49 48 48 48 48-21.49 48-48-21.49-48-48-48zM96 256c0-26.51-21.49-48-48-48S0 229.49 0 256s21.49 48 48 48 48-21.49 48-48zm12.922 99.078c-26.51 0-48 21.49-48 48s21.49 48 48 48 48-21.49 48-48c0-26.509-21.491-48-48-48zm294.156 0c-26.51 0-48 21.49-48 48s21.49 48 48 48 48-21.49 48-48c0-26.509-21.49-48-48-48zM108.922 60.922c-26.51 0-48 21.49-48 48s21.49 48 48 48 48-21.49 48-48-21.491-48-48-48z\"><\/path><\/svg>\t\t\t<\/span>\n\t\t\n\t\t\t\t\t\t<\/div>\n\t\t\t\t<\/div>\n\t\t\t\t\t<\/div>\n\t\t\t\t<\/div>\n\t\t\t\t<\/div>","protected":false},"excerpt":{"rendered":"<p>Luxuria &#8211; Wollust Luxuria ist nicht nur Sexualit\u00e4t. Es ist die Suche nach Intensit\u00e4t, nach Reiz, nach dem Gef\u00fchl, \u00fcberhaupt [&hellip;]<\/p>\n","protected":false},"author":1,"featured_media":0,"parent":12359,"menu_order":0,"comment_status":"closed","ping_status":"closed","template":"","meta":{"_acf_changed":false,"site-sidebar-layout":"no-sidebar","site-content-layout":"","ast-site-content-layout":"full-width-container","site-content-style":"default","site-sidebar-style":"default","ast-global-header-display":"","ast-banner-title-visibility":"","ast-main-header-display":"","ast-hfb-above-header-display":"","ast-hfb-below-header-display":"","ast-hfb-mobile-header-display":"","site-post-title":"disabled","ast-breadcrumbs-content":"","ast-featured-img":"disabled","footer-sml-layout":"","ast-disable-related-posts":"","theme-transparent-header-meta":"","adv-header-id-meta":"","stick-header-meta":"","header-above-stick-meta":"","header-main-stick-meta":"","header-below-stick-meta":"","astra-migrate-meta-layouts":"default","ast-page-background-enabled":"default","ast-page-background-meta":{"desktop":{"background-color":"var(--ast-global-color-5)","background-image":"","background-repeat":"repeat","background-position":"center center","background-size":"auto","background-attachment":"scroll","background-type":"","background-media":"","overlay-type":"","overlay-color":"","overlay-opacity":"","overlay-gradient":""},"tablet":{"background-color":"","background-image":"","background-repeat":"repeat","background-position":"center center","background-size":"auto","background-attachment":"scroll","background-type":"","background-media":"","overlay-type":"","overlay-color":"","overlay-opacity":"","overlay-gradient":""},"mobile":{"background-color":"","background-image":"","background-repeat":"repeat","background-position":"center center","background-size":"auto","background-attachment":"scroll","background-type":"","background-media":"","overlay-type":"","overlay-color":"","overlay-opacity":"","overlay-gradient":""}},"ast-content-background-meta":{"desktop":{"background-color":"var(--ast-global-color-4)","background-image":"","background-repeat":"repeat","background-position":"center center","background-size":"auto","background-attachment":"scroll","background-type":"","background-media":"","overlay-type":"","overlay-color":"","overlay-opacity":"","overlay-gradient":""},"tablet":{"background-color":"var(--ast-global-color-4)","background-image":"","background-repeat":"repeat","background-position":"center center","background-size":"auto","background-attachment":"scroll","background-type":"","background-media":"","overlay-type":"","overlay-color":"","overlay-opacity":"","overlay-gradient":""},"mobile":{"background-color":"var(--ast-global-color-4)","background-image":"","background-repeat":"repeat","background-position":"center center","background-size":"auto","background-attachment":"scroll","background-type":"","background-media":"","overlay-type":"","overlay-color":"","overlay-opacity":"","overlay-gradient":""}},"footnotes":""},"class_list":["post-12403","page","type-page","status-publish","hentry"],"acf":[],"_links":{"self":[{"href":"https:\/\/g-wie-gerry.de\/en\/wp-json\/wp\/v2\/pages\/12403","targetHints":{"allow":["GET"]}}],"collection":[{"href":"https:\/\/g-wie-gerry.de\/en\/wp-json\/wp\/v2\/pages"}],"about":[{"href":"https:\/\/g-wie-gerry.de\/en\/wp-json\/wp\/v2\/types\/page"}],"author":[{"embeddable":true,"href":"https:\/\/g-wie-gerry.de\/en\/wp-json\/wp\/v2\/users\/1"}],"replies":[{"embeddable":true,"href":"https:\/\/g-wie-gerry.de\/en\/wp-json\/wp\/v2\/comments?post=12403"}],"version-history":[{"count":4,"href":"https:\/\/g-wie-gerry.de\/en\/wp-json\/wp\/v2\/pages\/12403\/revisions"}],"predecessor-version":[{"id":12407,"href":"https:\/\/g-wie-gerry.de\/en\/wp-json\/wp\/v2\/pages\/12403\/revisions\/12407"}],"up":[{"embeddable":true,"href":"https:\/\/g-wie-gerry.de\/en\/wp-json\/wp\/v2\/pages\/12359"}],"wp:attachment":[{"href":"https:\/\/g-wie-gerry.de\/en\/wp-json\/wp\/v2\/media?parent=12403"}],"curies":[{"name":"wp","href":"https:\/\/api.w.org\/{rel}","templated":true}]}}