{"id":12325,"date":"2025-12-12T17:53:17","date_gmt":"2025-12-12T16:53:17","guid":{"rendered":"https:\/\/g-wie-gerry.de\/?page_id=12325"},"modified":"2025-12-12T17:56:30","modified_gmt":"2025-12-12T16:56:30","slug":"caritas","status":"publish","type":"page","link":"https:\/\/g-wie-gerry.de\/en\/lux\/caritas\/","title":{"rendered":"Caritas"},"content":{"rendered":"<div data-elementor-type=\"wp-page\" data-elementor-id=\"12325\" class=\"elementor elementor-12325\" data-elementor-post-type=\"page\">\n\t\t\t\t<div class=\"elementor-element elementor-element-002b934 e-flex e-con-boxed e-con e-parent\" data-id=\"002b934\" data-element_type=\"container\" data-e-type=\"container\" data-settings=\"{&quot;background_background&quot;:&quot;classic&quot;}\">\n\t\t\t\t\t<div class=\"e-con-inner\">\n\t\t\t\t<div class=\"elementor-element elementor-element-25c7b4e elementor-widget elementor-widget-heading\" data-id=\"25c7b4e\" data-element_type=\"widget\" data-e-type=\"widget\" data-widget_type=\"heading.default\">\n\t\t\t\t\t<h2 class=\"elementor-heading-title elementor-size-default\">Caritas - Charity<\/h2>\t\t\t\t<\/div>\n\t\t\t\t<div class=\"elementor-element elementor-element-aee644b elementor-widget elementor-widget-text-editor\" data-id=\"aee644b\" data-element_type=\"widget\" data-e-type=\"widget\" data-widget_type=\"text-editor.default\">\n\t\t\t\t\t\t\t\t\t<p data-start=\"3334\" data-end=\"3615\">Charity is not a romantic concept or a moral idealisation. Charity means recognising the value of a person regardless of their usefulness or likeability. It is not about sacrifice or self-denial, but about a fundamental attitude: people are not tools.<\/p><p data-start=\"3617\" data-end=\"3823\">Caritas does not require warm feelings. It requires a minimum of human respect: not deliberately devaluing, hurting or ignoring anyone. It is the virtue that does not negotiate dignity.<\/p><p data-start=\"3825\" data-end=\"4121\">Charity is active, not passive. It manifests itself in concrete actions: listening without an agenda, helping without expecting anything in return, respecting without preconditions. At the same time, charity sets boundaries. It does not tolerate exploitation or self-destruction. It works constructively, not self-destructively.<\/p><p data-start=\"4123\" data-end=\"4396\">The strength of this virtue lies in its clarity. Caritas makes relationships more stable because it is not driven by emotional whims, but by a decision: being human means responsibility for one another \u2013 not in an exaggerated sense, but in a fundamental one.<\/p><p data-start=\"4398\" data-end=\"4600\">Caritas prevents social structures from degenerating into pure bartering. It protects us from judging others solely on the basis of performance, status or proximity. We see the person, not the function.<\/p><p data-start=\"4602\" data-end=\"4781\">At its core, Caritas is rational: a community breaks down when no one shows consideration for one another anymore. Charity holds the system together \u2013 objectively, quietly and without self-promotion.<\/p><p data-start=\"4602\" data-end=\"4781\">I deal with this because closeness is difficult for me \u2013 especially when I hardly feel it myself. Charity enables me to act humanely without losing myself. It's a balancing act that I want to shape more consciously.<\/p>\t\t\t\t\t\t\t\t<\/div>\n\t\t\t\t<div class=\"elementor-element elementor-element-10e92cc elementor-widget-divider--view-line_text elementor-widget-divider--element-align-center elementor-widget elementor-widget-divider\" data-id=\"10e92cc\" data-element_type=\"widget\" data-e-type=\"widget\" data-widget_type=\"divider.default\">\n\t\t\t\t\t\t\t<div class=\"elementor-divider\">\n\t\t\t<span class=\"elementor-divider-separator\">\n\t\t\t\t\t\t\t<h1 class=\"elementor-divider__text elementor-divider__element\">\n\t\t\t\tPosts\t\t\t\t<\/h1>\n\t\t\t\t\t\t<\/span>\n\t\t<\/div>\n\t\t\t\t\t\t<\/div>\n\t\t\t\t<div class=\"elementor-element elementor-element-c2d3b8c elementor-grid-4 elementor-posts--align-left elementor-grid-tablet-2 elementor-grid-mobile-1 elementor-posts--thumbnail-top elementor-card-shadow-yes elementor-posts__hover-gradient load-more-align-center elementor-widget elementor-widget-posts\" data-id=\"c2d3b8c\" data-element_type=\"widget\" data-e-type=\"widget\" data-settings=\"{&quot;cards_columns&quot;:&quot;4&quot;,&quot;pagination_type&quot;:&quot;load_more_on_click&quot;,&quot;cards_columns_tablet&quot;:&quot;2&quot;,&quot;cards_columns_mobile&quot;:&quot;1&quot;,&quot;cards_row_gap&quot;:{&quot;unit&quot;:&quot;px&quot;,&quot;size&quot;:35,&quot;sizes&quot;:[]},&quot;cards_row_gap_tablet&quot;:{&quot;unit&quot;:&quot;px&quot;,&quot;size&quot;:&quot;&quot;,&quot;sizes&quot;:[]},&quot;cards_row_gap_mobile&quot;:{&quot;unit&quot;:&quot;px&quot;,&quot;size&quot;:&quot;&quot;,&quot;sizes&quot;:[]},&quot;load_more_spinner&quot;:{&quot;value&quot;:&quot;fas fa-spinner&quot;,&quot;library&quot;:&quot;fa-solid&quot;}}\" data-widget_type=\"posts.cards\">\n\t\t\t\t<div class=\"elementor-widget-container\">\n\t\t\t\t\t\t\t<div class=\"elementor-posts-container elementor-posts elementor-posts--skin-cards elementor-grid\" role=\"list\">\n\t\t\t\t<article class=\"elementor-post elementor-grid-item post-13763 post type-post status-publish format-standard has-post-thumbnail hentry category-caritas category-virtutes\" role=\"listitem\">\n\t\t\t<div class=\"elementor-post__card\">\n\t\t\t\t<a class=\"elementor-post__thumbnail__link\" href=\"https:\/\/g-wie-gerry.de\/en\/caritas-1-erfolgreiches-benefiz-projekt\/\" tabindex=\"-1\" ><div class=\"elementor-post__thumbnail\"><img fetchpriority=\"high\" decoding=\"async\" width=\"300\" height=\"300\" src=\"https:\/\/g-wie-gerry.de\/wp-content\/uploads\/2025\/12\/D_CA1-300x300.webp\" class=\"attachment-medium size-medium wp-image-13765\" alt=\"Titelbild eines Beitrags\" srcset=\"https:\/\/g-wie-gerry.de\/wp-content\/uploads\/2025\/12\/D_CA1-300x300.webp 300w, https:\/\/g-wie-gerry.de\/wp-content\/uploads\/2025\/12\/D_CA1-1024x1024.webp 1024w, https:\/\/g-wie-gerry.de\/wp-content\/uploads\/2025\/12\/D_CA1-150x150.webp 150w, https:\/\/g-wie-gerry.de\/wp-content\/uploads\/2025\/12\/D_CA1-768x768.webp 768w, https:\/\/g-wie-gerry.de\/wp-content\/uploads\/2025\/12\/D_CA1-12x12.webp 12w, https:\/\/g-wie-gerry.de\/wp-content\/uploads\/2025\/12\/D_CA1.webp 1500w\" sizes=\"(max-width: 300px) 100vw, 300px\" \/><\/div><\/a>\n\t\t\t\t<div class=\"elementor-post__text\">\n\t\t\t\t<h3 class=\"elementor-post__title\">\n\t\t\t<a href=\"https:\/\/g-wie-gerry.de\/en\/caritas-1-erfolgreiches-benefiz-projekt\/\" >\n\t\t\t\tCaritas #1 \u2013 Successful Charity Project\t\t\t<\/a>\n\t\t<\/h3>\n\t\t\t\t<div class=\"elementor-post__excerpt\">\n\t\t\t<p>Unerreichbare Bed\u00fcrfnisse Jeder kommt in seinem Leben an einen Punkt, an dem er Bed\u00fcrfnisse hat, die er nicht erf\u00fcllen kann.<\/p>\n\t\t<\/div>\n\t\t\t\t\t<div class=\"elementor-post__read-more-wrapper\">\n\t\t\n\t\t<a class=\"elementor-post__read-more\" href=\"https:\/\/g-wie-gerry.de\/en\/caritas-1-erfolgreiches-benefiz-projekt\/\" aria-label=\"Read more about Caritas #1 \u2013 Erfolgreiches Benefiz-Projekt\" tabindex=\"-1\" >\n\t\t\tWeiterlesen \u00bb\t\t<\/a>\n\n\t\t\t\t\t<\/div>\n\t\t\t\t<\/div>\n\t\t\t\t<div class=\"elementor-post__meta-data\">\n\t\t\t\t\t<span class=\"elementor-post-date\">\n\t\t\t2. January 2026\t\t<\/span>\n\t\t\t\t<span class=\"elementor-post-avatar\">\n\t\t\tNo Comments\t\t<\/span>\n\t\t\t\t<\/div>\n\t\t\t\t\t<\/div>\n\t\t<\/article>\n\t\t\t\t<\/div>\n\t\t\t\t\t<span class=\"e-load-more-spinner\">\n\t\t\t\t<svg aria-hidden=\"true\" class=\"e-font-icon-svg e-fas-spinner\" viewbox=\"0 0 512 512\" xmlns=\"http:\/\/www.w3.org\/2000\/svg\"><path d=\"M304 48c0 26.51-21.49 48-48 48s-48-21.49-48-48 21.49-48 48-48 48 21.49 48 48zm-48 368c-26.51 0-48 21.49-48 48s21.49 48 48 48 48-21.49 48-48-21.49-48-48-48zm208-208c-26.51 0-48 21.49-48 48s21.49 48 48 48 48-21.49 48-48-21.49-48-48-48zM96 256c0-26.51-21.49-48-48-48S0 229.49 0 256s21.49 48 48 48 48-21.49 48-48zm12.922 99.078c-26.51 0-48 21.49-48 48s21.49 48 48 48 48-21.49 48-48c0-26.509-21.491-48-48-48zm294.156 0c-26.51 0-48 21.49-48 48s21.49 48 48 48 48-21.49 48-48c0-26.509-21.49-48-48-48zM108.922 60.922c-26.51 0-48 21.49-48 48s21.49 48 48 48 48-21.49 48-48-21.491-48-48-48z\"><\/path><\/svg>\t\t\t<\/span>\n\t\t\n\t\t\t\t\t\t<\/div>\n\t\t\t\t<\/div>\n\t\t\t\t\t<\/div>\n\t\t\t\t<\/div>\n\t\t\t\t<\/div>","protected":false},"excerpt":{"rendered":"<p>Caritas &#8211; N\u00e4chsten(Liebe) Caritas ist kein romantisches Konzept und keine moralische \u00dcberh\u00f6hung. N\u00e4chstenliebe bedeutet, den Wert eines Menschen unabh\u00e4ngig von [&hellip;]<\/p>\n","protected":false},"author":1,"featured_media":0,"parent":12291,"menu_order":0,"comment_status":"closed","ping_status":"closed","template":"","meta":{"_acf_changed":false,"site-sidebar-layout":"no-sidebar","site-content-layout":"","ast-site-content-layout":"full-width-container","site-content-style":"default","site-sidebar-style":"default","ast-global-header-display":"","ast-banner-title-visibility":"","ast-main-header-display":"","ast-hfb-above-header-display":"","ast-hfb-below-header-display":"","ast-hfb-mobile-header-display":"","site-post-title":"disabled","ast-breadcrumbs-content":"","ast-featured-img":"disabled","footer-sml-layout":"","ast-disable-related-posts":"","theme-transparent-header-meta":"","adv-header-id-meta":"","stick-header-meta":"","header-above-stick-meta":"","header-main-stick-meta":"","header-below-stick-meta":"","astra-migrate-meta-layouts":"default","ast-page-background-enabled":"default","ast-page-background-meta":{"desktop":{"background-color":"var(--ast-global-color-5)","background-image":"","background-repeat":"repeat","background-position":"center center","background-size":"auto","background-attachment":"scroll","background-type":"","background-media":"","overlay-type":"","overlay-color":"","overlay-opacity":"","overlay-gradient":""},"tablet":{"background-color":"","background-image":"","background-repeat":"repeat","background-position":"center center","background-size":"auto","background-attachment":"scroll","background-type":"","background-media":"","overlay-type":"","overlay-color":"","overlay-opacity":"","overlay-gradient":""},"mobile":{"background-color":"","background-image":"","background-repeat":"repeat","background-position":"center center","background-size":"auto","background-attachment":"scroll","background-type":"","background-media":"","overlay-type":"","overlay-color":"","overlay-opacity":"","overlay-gradient":""}},"ast-content-background-meta":{"desktop":{"background-color":"var(--ast-global-color-4)","background-image":"","background-repeat":"repeat","background-position":"center center","background-size":"auto","background-attachment":"scroll","background-type":"","background-media":"","overlay-type":"","overlay-color":"","overlay-opacity":"","overlay-gradient":""},"tablet":{"background-color":"var(--ast-global-color-4)","background-image":"","background-repeat":"repeat","background-position":"center center","background-size":"auto","background-attachment":"scroll","background-type":"","background-media":"","overlay-type":"","overlay-color":"","overlay-opacity":"","overlay-gradient":""},"mobile":{"background-color":"var(--ast-global-color-4)","background-image":"","background-repeat":"repeat","background-position":"center center","background-size":"auto","background-attachment":"scroll","background-type":"","background-media":"","overlay-type":"","overlay-color":"","overlay-opacity":"","overlay-gradient":""}},"footnotes":""},"class_list":["post-12325","page","type-page","status-publish","hentry"],"acf":[],"_links":{"self":[{"href":"https:\/\/g-wie-gerry.de\/en\/wp-json\/wp\/v2\/pages\/12325","targetHints":{"allow":["GET"]}}],"collection":[{"href":"https:\/\/g-wie-gerry.de\/en\/wp-json\/wp\/v2\/pages"}],"about":[{"href":"https:\/\/g-wie-gerry.de\/en\/wp-json\/wp\/v2\/types\/page"}],"author":[{"embeddable":true,"href":"https:\/\/g-wie-gerry.de\/en\/wp-json\/wp\/v2\/users\/1"}],"replies":[{"embeddable":true,"href":"https:\/\/g-wie-gerry.de\/en\/wp-json\/wp\/v2\/comments?post=12325"}],"version-history":[{"count":4,"href":"https:\/\/g-wie-gerry.de\/en\/wp-json\/wp\/v2\/pages\/12325\/revisions"}],"predecessor-version":[{"id":12329,"href":"https:\/\/g-wie-gerry.de\/en\/wp-json\/wp\/v2\/pages\/12325\/revisions\/12329"}],"up":[{"embeddable":true,"href":"https:\/\/g-wie-gerry.de\/en\/wp-json\/wp\/v2\/pages\/12291"}],"wp:attachment":[{"href":"https:\/\/g-wie-gerry.de\/en\/wp-json\/wp\/v2\/media?parent=12325"}],"curies":[{"name":"wp","href":"https:\/\/api.w.org\/{rel}","templated":true}]}}