{"id":12319,"date":"2025-12-12T17:48:44","date_gmt":"2025-12-12T16:48:44","guid":{"rendered":"https:\/\/g-wie-gerry.de\/?page_id=12319"},"modified":"2025-12-12T18:07:20","modified_gmt":"2025-12-12T17:07:20","slug":"iustitia","status":"publish","type":"page","link":"https:\/\/g-wie-gerry.de\/en\/lux\/iustitia\/","title":{"rendered":"Iustitia"},"content":{"rendered":"<div data-elementor-type=\"wp-page\" data-elementor-id=\"12319\" class=\"elementor elementor-12319\" data-elementor-post-type=\"page\">\n\t\t\t\t<div class=\"elementor-element elementor-element-a8174e3 e-flex e-con-boxed e-con e-parent\" data-id=\"a8174e3\" data-element_type=\"container\" data-e-type=\"container\" data-settings=\"{&quot;background_background&quot;:&quot;classic&quot;}\">\n\t\t\t\t\t<div class=\"e-con-inner\">\n\t\t\t\t<div class=\"elementor-element elementor-element-7026215 elementor-widget elementor-widget-heading\" data-id=\"7026215\" data-element_type=\"widget\" data-e-type=\"widget\" data-widget_type=\"heading.default\">\n\t\t\t\t\t<h2 class=\"elementor-heading-title elementor-size-default\">Iustitia - Justice<\/h2>\t\t\t\t<\/div>\n\t\t\t\t<div class=\"elementor-element elementor-element-91e4430 elementor-widget elementor-widget-text-editor\" data-id=\"91e4430\" data-element_type=\"widget\" data-e-type=\"widget\" data-widget_type=\"text-editor.default\">\n\t\t\t\t\t\t\t\t\t<p data-start=\"1893\" data-end=\"2143\">Iustitia is a virtue that requires standards rather than feelings. Justice begins where personal preferences end. It is about evaluating situations, people and decisions according to the same criteria \u2013 even if it is uncomfortable.<\/p><p data-start=\"2145\" data-end=\"2414\">Iustitia demands that responsibility be distributed evenly: no special treatment, no excuses, no double standards. It is the ability to stand up to one's own spontaneous sympathies or aversions. This makes the virtue harsh, but reliable.<\/p><p data-start=\"2416\" data-end=\"2665\">Justice is structural, not emotional. It works with rules, principles and facts. But it remains human because it recognises that every person has the same right to fairness \u2013 regardless of performance, personality or usefulness.<\/p><p data-start=\"2667\" data-end=\"2857\">This virtue prevents distortion: no over-privileging, no oppression. No \u2018I like you, so I'll turn a blind eye\u2019 and no \u2018I don't like you, so I'll judge you more harshly.\u2019<\/p><p data-start=\"2859\" data-end=\"3037\">Iustitia protects relationships and systems from corrosion. Injustice destroys trust, justice builds it. And not through niceness, but through consistency.<\/p><p data-start=\"3039\" data-end=\"3273\">At its core, iustitia is a protective mechanism against the abuse of power and against the tendency to make oneself the measure of all things. It creates order that does not depend on whims or ego, but on comprehensible criteria.<\/p><p data-start=\"3039\" data-end=\"3273\">I work on this because I constantly fluctuate between the desire for harmony and the urge for clarity. Justice brings order to my social conflicts. It forces me not to let fairness depend on my mood. But expressing perceived injustices is also an important basis for this.<\/p>\t\t\t\t\t\t\t\t<\/div>\n\t\t\t\t<div class=\"elementor-element elementor-element-3a5fd9d elementor-widget-divider--view-line_text elementor-widget-divider--element-align-center elementor-widget elementor-widget-divider\" data-id=\"3a5fd9d\" data-element_type=\"widget\" data-e-type=\"widget\" data-widget_type=\"divider.default\">\n\t\t\t\t\t\t\t<div class=\"elementor-divider\">\n\t\t\t<span class=\"elementor-divider-separator\">\n\t\t\t\t\t\t\t<h1 class=\"elementor-divider__text elementor-divider__element\">\n\t\t\t\tPosts\t\t\t\t<\/h1>\n\t\t\t\t\t\t<\/span>\n\t\t<\/div>\n\t\t\t\t\t\t<\/div>\n\t\t\t\t<div class=\"elementor-element elementor-element-2be7a9b elementor-grid-4 elementor-posts--align-left elementor-grid-tablet-2 elementor-grid-mobile-1 elementor-posts--thumbnail-top elementor-card-shadow-yes elementor-posts__hover-gradient load-more-align-center elementor-widget elementor-widget-posts\" data-id=\"2be7a9b\" data-element_type=\"widget\" data-e-type=\"widget\" data-settings=\"{&quot;cards_columns&quot;:&quot;4&quot;,&quot;pagination_type&quot;:&quot;load_more_on_click&quot;,&quot;cards_columns_tablet&quot;:&quot;2&quot;,&quot;cards_columns_mobile&quot;:&quot;1&quot;,&quot;cards_row_gap&quot;:{&quot;unit&quot;:&quot;px&quot;,&quot;size&quot;:35,&quot;sizes&quot;:[]},&quot;cards_row_gap_tablet&quot;:{&quot;unit&quot;:&quot;px&quot;,&quot;size&quot;:&quot;&quot;,&quot;sizes&quot;:[]},&quot;cards_row_gap_mobile&quot;:{&quot;unit&quot;:&quot;px&quot;,&quot;size&quot;:&quot;&quot;,&quot;sizes&quot;:[]},&quot;load_more_spinner&quot;:{&quot;value&quot;:&quot;fas fa-spinner&quot;,&quot;library&quot;:&quot;fa-solid&quot;}}\" data-widget_type=\"posts.cards\">\n\t\t\t\t<div class=\"elementor-widget-container\">\n\t\t\t\t\t\t\t<div class=\"elementor-posts-container elementor-posts elementor-posts--skin-cards elementor-grid\" role=\"list\">\n\t\t\t\t<article class=\"elementor-post elementor-grid-item post-13675 post type-post status-publish format-standard has-post-thumbnail hentry category-iustitia category-virtutes\" role=\"listitem\">\n\t\t\t<div class=\"elementor-post__card\">\n\t\t\t\t<a class=\"elementor-post__thumbnail__link\" href=\"https:\/\/g-wie-gerry.de\/en\/iustitia-1-ungerecht-gerecht\/\" tabindex=\"-1\" ><div class=\"elementor-post__thumbnail\"><img fetchpriority=\"high\" decoding=\"async\" width=\"300\" height=\"300\" src=\"https:\/\/g-wie-gerry.de\/wp-content\/uploads\/2025\/12\/D_I1-300x300.webp\" class=\"attachment-medium size-medium wp-image-13673\" alt=\"Titelbild eines Beitrags\" srcset=\"https:\/\/g-wie-gerry.de\/wp-content\/uploads\/2025\/12\/D_I1-300x300.webp 300w, https:\/\/g-wie-gerry.de\/wp-content\/uploads\/2025\/12\/D_I1-1024x1024.webp 1024w, https:\/\/g-wie-gerry.de\/wp-content\/uploads\/2025\/12\/D_I1-150x150.webp 150w, https:\/\/g-wie-gerry.de\/wp-content\/uploads\/2025\/12\/D_I1-768x768.webp 768w, https:\/\/g-wie-gerry.de\/wp-content\/uploads\/2025\/12\/D_I1-12x12.webp 12w, https:\/\/g-wie-gerry.de\/wp-content\/uploads\/2025\/12\/D_I1.webp 1500w\" sizes=\"(max-width: 300px) 100vw, 300px\" \/><\/div><\/a>\n\t\t\t\t<div class=\"elementor-post__text\">\n\t\t\t\t<h3 class=\"elementor-post__title\">\n\t\t\t<a href=\"https:\/\/g-wie-gerry.de\/en\/iustitia-1-ungerecht-gerecht\/\" >\n\t\t\t\tIustitia #1 \u2013 Unjust? Just?\t\t\t<\/a>\n\t\t<\/h3>\n\t\t\t\t<div class=\"elementor-post__excerpt\">\n\t\t\t<p>Was ist eigentlich gerecht? Hach ja. Gerechtigkeit. Doch was ist gerecht? Und selbst wenn wir nun eine Million Menschen fragen<\/p>\n\t\t<\/div>\n\t\t\t\t\t<div class=\"elementor-post__read-more-wrapper\">\n\t\t\n\t\t<a class=\"elementor-post__read-more\" href=\"https:\/\/g-wie-gerry.de\/en\/iustitia-1-ungerecht-gerecht\/\" aria-label=\"Read more about Iustitia #1 \u2013 Ungerecht? Gerecht?\" tabindex=\"-1\" >\n\t\t\tWeiterlesen \u00bb\t\t<\/a>\n\n\t\t\t\t\t<\/div>\n\t\t\t\t<\/div>\n\t\t\t\t<div class=\"elementor-post__meta-data\">\n\t\t\t\t\t<span class=\"elementor-post-date\">\n\t\t\t6. January 2026\t\t<\/span>\n\t\t\t\t<span class=\"elementor-post-avatar\">\n\t\t\tNo Comments\t\t<\/span>\n\t\t\t\t<\/div>\n\t\t\t\t\t<\/div>\n\t\t<\/article>\n\t\t\t\t<\/div>\n\t\t\t\t\t<span class=\"e-load-more-spinner\">\n\t\t\t\t<svg aria-hidden=\"true\" class=\"e-font-icon-svg e-fas-spinner\" viewbox=\"0 0 512 512\" xmlns=\"http:\/\/www.w3.org\/2000\/svg\"><path d=\"M304 48c0 26.51-21.49 48-48 48s-48-21.49-48-48 21.49-48 48-48 48 21.49 48 48zm-48 368c-26.51 0-48 21.49-48 48s21.49 48 48 48 48-21.49 48-48-21.49-48-48-48zm208-208c-26.51 0-48 21.49-48 48s21.49 48 48 48 48-21.49 48-48-21.49-48-48-48zM96 256c0-26.51-21.49-48-48-48S0 229.49 0 256s21.49 48 48 48 48-21.49 48-48zm12.922 99.078c-26.51 0-48 21.49-48 48s21.49 48 48 48 48-21.49 48-48c0-26.509-21.491-48-48-48zm294.156 0c-26.51 0-48 21.49-48 48s21.49 48 48 48 48-21.49 48-48c0-26.509-21.49-48-48-48zM108.922 60.922c-26.51 0-48 21.49-48 48s21.49 48 48 48 48-21.49 48-48-21.491-48-48-48z\"><\/path><\/svg>\t\t\t<\/span>\n\t\t\n\t\t\t\t\t\t<\/div>\n\t\t\t\t<\/div>\n\t\t\t\t\t<\/div>\n\t\t\t\t<\/div>\n\t\t\t\t<\/div>","protected":false},"excerpt":{"rendered":"<p>Iustitia &#8211; Gerechtigkeit Iustitia ist eine Tugend, die kein Gef\u00fchl braucht, sondern Ma\u00dfst\u00e4be. Gerechtigkeit beginnt, wo pers\u00f6nliche Vorlieben aufh\u00f6ren. Es [&hellip;]<\/p>\n","protected":false},"author":1,"featured_media":0,"parent":12291,"menu_order":0,"comment_status":"closed","ping_status":"closed","template":"","meta":{"_acf_changed":false,"site-sidebar-layout":"no-sidebar","site-content-layout":"","ast-site-content-layout":"full-width-container","site-content-style":"default","site-sidebar-style":"default","ast-global-header-display":"","ast-banner-title-visibility":"","ast-main-header-display":"","ast-hfb-above-header-display":"","ast-hfb-below-header-display":"","ast-hfb-mobile-header-display":"","site-post-title":"disabled","ast-breadcrumbs-content":"","ast-featured-img":"disabled","footer-sml-layout":"","ast-disable-related-posts":"","theme-transparent-header-meta":"","adv-header-id-meta":"","stick-header-meta":"","header-above-stick-meta":"","header-main-stick-meta":"","header-below-stick-meta":"","astra-migrate-meta-layouts":"default","ast-page-background-enabled":"default","ast-page-background-meta":{"desktop":{"background-color":"var(--ast-global-color-5)","background-image":"","background-repeat":"repeat","background-position":"center center","background-size":"auto","background-attachment":"scroll","background-type":"","background-media":"","overlay-type":"","overlay-color":"","overlay-opacity":"","overlay-gradient":""},"tablet":{"background-color":"","background-image":"","background-repeat":"repeat","background-position":"center center","background-size":"auto","background-attachment":"scroll","background-type":"","background-media":"","overlay-type":"","overlay-color":"","overlay-opacity":"","overlay-gradient":""},"mobile":{"background-color":"","background-image":"","background-repeat":"repeat","background-position":"center center","background-size":"auto","background-attachment":"scroll","background-type":"","background-media":"","overlay-type":"","overlay-color":"","overlay-opacity":"","overlay-gradient":""}},"ast-content-background-meta":{"desktop":{"background-color":"var(--ast-global-color-4)","background-image":"","background-repeat":"repeat","background-position":"center center","background-size":"auto","background-attachment":"scroll","background-type":"","background-media":"","overlay-type":"","overlay-color":"","overlay-opacity":"","overlay-gradient":""},"tablet":{"background-color":"var(--ast-global-color-4)","background-image":"","background-repeat":"repeat","background-position":"center center","background-size":"auto","background-attachment":"scroll","background-type":"","background-media":"","overlay-type":"","overlay-color":"","overlay-opacity":"","overlay-gradient":""},"mobile":{"background-color":"var(--ast-global-color-4)","background-image":"","background-repeat":"repeat","background-position":"center center","background-size":"auto","background-attachment":"scroll","background-type":"","background-media":"","overlay-type":"","overlay-color":"","overlay-opacity":"","overlay-gradient":""}},"footnotes":""},"class_list":["post-12319","page","type-page","status-publish","hentry"],"acf":[],"_links":{"self":[{"href":"https:\/\/g-wie-gerry.de\/en\/wp-json\/wp\/v2\/pages\/12319","targetHints":{"allow":["GET"]}}],"collection":[{"href":"https:\/\/g-wie-gerry.de\/en\/wp-json\/wp\/v2\/pages"}],"about":[{"href":"https:\/\/g-wie-gerry.de\/en\/wp-json\/wp\/v2\/types\/page"}],"author":[{"embeddable":true,"href":"https:\/\/g-wie-gerry.de\/en\/wp-json\/wp\/v2\/users\/1"}],"replies":[{"embeddable":true,"href":"https:\/\/g-wie-gerry.de\/en\/wp-json\/wp\/v2\/comments?post=12319"}],"version-history":[{"count":7,"href":"https:\/\/g-wie-gerry.de\/en\/wp-json\/wp\/v2\/pages\/12319\/revisions"}],"predecessor-version":[{"id":12353,"href":"https:\/\/g-wie-gerry.de\/en\/wp-json\/wp\/v2\/pages\/12319\/revisions\/12353"}],"up":[{"embeddable":true,"href":"https:\/\/g-wie-gerry.de\/en\/wp-json\/wp\/v2\/pages\/12291"}],"wp:attachment":[{"href":"https:\/\/g-wie-gerry.de\/en\/wp-json\/wp\/v2\/media?parent=12319"}],"curies":[{"name":"wp","href":"https:\/\/api.w.org\/{rel}","templated":true}]}}