{"id":12274,"date":"2025-12-12T17:01:27","date_gmt":"2025-12-12T16:01:27","guid":{"rendered":"https:\/\/g-wie-gerry.de\/?page_id=12274"},"modified":"2025-12-12T17:43:18","modified_gmt":"2025-12-12T16:43:18","slug":"nuntii","status":"publish","type":"page","link":"https:\/\/g-wie-gerry.de\/en\/nuntii\/","title":{"rendered":"Nuntii"},"content":{"rendered":"<div data-elementor-type=\"wp-page\" data-elementor-id=\"12274\" class=\"elementor elementor-12274\" data-elementor-post-type=\"page\">\n\t\t\t\t<div class=\"elementor-element elementor-element-64d52a5 e-flex e-con-boxed e-con e-parent\" data-id=\"64d52a5\" data-element_type=\"container\" data-e-type=\"container\" data-settings=\"{&quot;background_background&quot;:&quot;classic&quot;}\">\n\t\t\t\t\t<div class=\"e-con-inner\">\n\t\t\t\t<div class=\"elementor-element elementor-element-9a5a81b elementor-widget elementor-widget-heading\" data-id=\"9a5a81b\" data-element_type=\"widget\" data-e-type=\"widget\" data-widget_type=\"heading.default\">\n\t\t\t\t\t<h2 class=\"elementor-heading-title elementor-size-default\">Nuntii - News<\/h2>\t\t\t\t<\/div>\n\t\t\t\t<div class=\"elementor-element elementor-element-cbc3386 elementor-widget elementor-widget-text-editor\" data-id=\"cbc3386\" data-element_type=\"widget\" data-e-type=\"widget\" data-widget_type=\"text-editor.default\">\n\t\t\t\t\t\t\t\t\t<p>Here you will find all the latest news concerning my work here on the blog or elsewhere.<\/p>\t\t\t\t\t\t\t\t<\/div>\n\t\t\t\t<div class=\"elementor-element elementor-element-c85190e elementor-grid-4 elementor-posts--align-left elementor-grid-tablet-2 elementor-grid-mobile-1 elementor-posts--thumbnail-top elementor-card-shadow-yes elementor-posts__hover-gradient load-more-align-center elementor-widget elementor-widget-posts\" data-id=\"c85190e\" data-element_type=\"widget\" data-e-type=\"widget\" data-settings=\"{&quot;cards_columns&quot;:&quot;4&quot;,&quot;pagination_type&quot;:&quot;load_more_on_click&quot;,&quot;cards_columns_tablet&quot;:&quot;2&quot;,&quot;cards_columns_mobile&quot;:&quot;1&quot;,&quot;cards_row_gap&quot;:{&quot;unit&quot;:&quot;px&quot;,&quot;size&quot;:35,&quot;sizes&quot;:[]},&quot;cards_row_gap_tablet&quot;:{&quot;unit&quot;:&quot;px&quot;,&quot;size&quot;:&quot;&quot;,&quot;sizes&quot;:[]},&quot;cards_row_gap_mobile&quot;:{&quot;unit&quot;:&quot;px&quot;,&quot;size&quot;:&quot;&quot;,&quot;sizes&quot;:[]},&quot;load_more_spinner&quot;:{&quot;value&quot;:&quot;fas fa-spinner&quot;,&quot;library&quot;:&quot;fa-solid&quot;}}\" data-widget_type=\"posts.cards\">\n\t\t\t\t<div class=\"elementor-widget-container\">\n\t\t\t\t\t\t\t<div class=\"elementor-posts-container elementor-posts elementor-posts--skin-cards elementor-grid\" role=\"list\">\n\t\t\t\t<article class=\"elementor-post elementor-grid-item post-13984 post type-post status-publish format-standard has-post-thumbnail hentry category-nuntii-neuigkeiten\" role=\"listitem\">\n\t\t\t<div class=\"elementor-post__card\">\n\t\t\t\t<a class=\"elementor-post__thumbnail__link\" href=\"https:\/\/g-wie-gerry.de\/en\/nuntii-2-changelog-1-qol-kategorien-gedanken\/\" tabindex=\"-1\" ><div class=\"elementor-post__thumbnail\"><img fetchpriority=\"high\" decoding=\"async\" width=\"300\" height=\"300\" src=\"https:\/\/g-wie-gerry.de\/wp-content\/uploads\/2026\/01\/D_Nu2-300x300.webp\" class=\"attachment-medium size-medium wp-image-13990\" alt=\"Titelbild eines Beitrags\" srcset=\"https:\/\/g-wie-gerry.de\/wp-content\/uploads\/2026\/01\/D_Nu2-300x300.webp 300w, https:\/\/g-wie-gerry.de\/wp-content\/uploads\/2026\/01\/D_Nu2-1024x1024.webp 1024w, https:\/\/g-wie-gerry.de\/wp-content\/uploads\/2026\/01\/D_Nu2-150x150.webp 150w, https:\/\/g-wie-gerry.de\/wp-content\/uploads\/2026\/01\/D_Nu2-768x768.webp 768w, https:\/\/g-wie-gerry.de\/wp-content\/uploads\/2026\/01\/D_Nu2-12x12.webp 12w, https:\/\/g-wie-gerry.de\/wp-content\/uploads\/2026\/01\/D_Nu2.webp 1500w\" sizes=\"(max-width: 300px) 100vw, 300px\" \/><\/div><\/a>\n\t\t\t\t<div class=\"elementor-post__text\">\n\t\t\t\t<h3 class=\"elementor-post__title\">\n\t\t\t<a href=\"https:\/\/g-wie-gerry.de\/en\/nuntii-2-changelog-1-qol-kategorien-gedanken\/\" >\n\t\t\t\tNuntii #2 \u2013 Changelog #1 \u2013 QoL, Categories, Thoughts\t\t\t<\/a>\n\t\t<\/h3>\n\t\t\t\t<div class=\"elementor-post__excerpt\">\n\t\t\t<p>Die erste Woche des neuen Jahres ist fast rum, und ich habe schon wieder mehr Arbeit in den Blog gesteckt,<\/p>\n\t\t<\/div>\n\t\t\t\t\t<div class=\"elementor-post__read-more-wrapper\">\n\t\t\n\t\t<a class=\"elementor-post__read-more\" href=\"https:\/\/g-wie-gerry.de\/en\/nuntii-2-changelog-1-qol-kategorien-gedanken\/\" aria-label=\"Read more about Nuntii #2 &#8211; Changelog #1: QoL, Kategorien, Gedanken\" tabindex=\"-1\" >\n\t\t\tWeiterlesen \u00bb\t\t<\/a>\n\n\t\t\t\t\t<\/div>\n\t\t\t\t<\/div>\n\t\t\t\t<div class=\"elementor-post__meta-data\">\n\t\t\t\t\t<span class=\"elementor-post-date\">\n\t\t\t5. January 2026\t\t<\/span>\n\t\t\t\t<span class=\"elementor-post-avatar\">\n\t\t\tNo Comments\t\t<\/span>\n\t\t\t\t<\/div>\n\t\t\t\t\t<\/div>\n\t\t<\/article>\n\t\t\t\t<article class=\"elementor-post elementor-grid-item post-13781 post type-post status-publish format-standard has-post-thumbnail hentry category-nuntii-neuigkeiten\" role=\"listitem\">\n\t\t\t<div class=\"elementor-post__card\">\n\t\t\t\t<a class=\"elementor-post__thumbnail__link\" href=\"https:\/\/g-wie-gerry.de\/en\/nuntii-1-willkommen-zurueck\/\" tabindex=\"-1\" ><div class=\"elementor-post__thumbnail\"><img decoding=\"async\" width=\"300\" height=\"300\" src=\"https:\/\/g-wie-gerry.de\/wp-content\/uploads\/2025\/12\/D_Nu1-300x300.webp\" class=\"attachment-medium size-medium wp-image-13783\" alt=\"Titelbild eines Beitrags\" srcset=\"https:\/\/g-wie-gerry.de\/wp-content\/uploads\/2025\/12\/D_Nu1-300x300.webp 300w, https:\/\/g-wie-gerry.de\/wp-content\/uploads\/2025\/12\/D_Nu1-1024x1024.webp 1024w, https:\/\/g-wie-gerry.de\/wp-content\/uploads\/2025\/12\/D_Nu1-150x150.webp 150w, https:\/\/g-wie-gerry.de\/wp-content\/uploads\/2025\/12\/D_Nu1-768x768.webp 768w, https:\/\/g-wie-gerry.de\/wp-content\/uploads\/2025\/12\/D_Nu1-12x12.webp 12w, https:\/\/g-wie-gerry.de\/wp-content\/uploads\/2025\/12\/D_Nu1.webp 1500w\" sizes=\"(max-width: 300px) 100vw, 300px\" \/><\/div><\/a>\n\t\t\t\t<div class=\"elementor-post__text\">\n\t\t\t\t<h3 class=\"elementor-post__title\">\n\t\t\t<a href=\"https:\/\/g-wie-gerry.de\/en\/nuntii-1-willkommen-zurueck\/\" >\n\t\t\t\tNuntii #1 \u2013 Welcome Back\t\t\t<\/a>\n\t\t<\/h3>\n\t\t\t\t<div class=\"elementor-post__excerpt\">\n\t\t\t<p>R\u00fcckblick und Pause Der f\u00fcnfte Februar 2025 war der letzte Blog, den ich geschrieben habe. Ein wenig sp\u00e4ter habe ich<\/p>\n\t\t<\/div>\n\t\t\t\t\t<div class=\"elementor-post__read-more-wrapper\">\n\t\t\n\t\t<a class=\"elementor-post__read-more\" href=\"https:\/\/g-wie-gerry.de\/en\/nuntii-1-willkommen-zurueck\/\" aria-label=\"Read more about Nuntii #1 \u2013 Willkommen zur\u00fcck\" tabindex=\"-1\" >\n\t\t\tWeiterlesen \u00bb\t\t<\/a>\n\n\t\t\t\t\t<\/div>\n\t\t\t\t<\/div>\n\t\t\t\t<div class=\"elementor-post__meta-data\">\n\t\t\t\t\t<span class=\"elementor-post-date\">\n\t\t\t1. January 2026\t\t<\/span>\n\t\t\t\t<span class=\"elementor-post-avatar\">\n\t\t\t2 Comments\t\t<\/span>\n\t\t\t\t<\/div>\n\t\t\t\t\t<\/div>\n\t\t<\/article>\n\t\t\t\t<\/div>\n\t\t\t\t\t<span class=\"e-load-more-spinner\">\n\t\t\t\t<svg aria-hidden=\"true\" class=\"e-font-icon-svg e-fas-spinner\" viewbox=\"0 0 512 512\" xmlns=\"http:\/\/www.w3.org\/2000\/svg\"><path d=\"M304 48c0 26.51-21.49 48-48 48s-48-21.49-48-48 21.49-48 48-48 48 21.49 48 48zm-48 368c-26.51 0-48 21.49-48 48s21.49 48 48 48 48-21.49 48-48-21.49-48-48-48zm208-208c-26.51 0-48 21.49-48 48s21.49 48 48 48 48-21.49 48-48-21.49-48-48-48zM96 256c0-26.51-21.49-48-48-48S0 229.49 0 256s21.49 48 48 48 48-21.49 48-48zm12.922 99.078c-26.51 0-48 21.49-48 48s21.49 48 48 48 48-21.49 48-48c0-26.509-21.491-48-48-48zm294.156 0c-26.51 0-48 21.49-48 48s21.49 48 48 48 48-21.49 48-48c0-26.509-21.49-48-48-48zM108.922 60.922c-26.51 0-48 21.49-48 48s21.49 48 48 48 48-21.49 48-48-21.491-48-48-48z\"><\/path><\/svg>\t\t\t<\/span>\n\t\t\n\t\t\t\t\t\t<\/div>\n\t\t\t\t<\/div>\n\t\t\t\t\t<\/div>\n\t\t\t\t<\/div>\n\t\t\t\t<\/div>","protected":false},"excerpt":{"rendered":"<p>Nuntii &#8211; News Hier findest du alle Neuigkeiten, die z. B. meine Arbeit hier im Blog oder anderweitig betreffen.<\/p>","protected":false},"author":1,"featured_media":0,"parent":0,"menu_order":0,"comment_status":"closed","ping_status":"closed","template":"","meta":{"_acf_changed":false,"site-sidebar-layout":"no-sidebar","site-content-layout":"","ast-site-content-layout":"full-width-container","site-content-style":"default","site-sidebar-style":"default","ast-global-header-display":"","ast-banner-title-visibility":"","ast-main-header-display":"","ast-hfb-above-header-display":"","ast-hfb-below-header-display":"","ast-hfb-mobile-header-display":"","site-post-title":"disabled","ast-breadcrumbs-content":"","ast-featured-img":"disabled","footer-sml-layout":"","ast-disable-related-posts":"","theme-transparent-header-meta":"","adv-header-id-meta":"","stick-header-meta":"","header-above-stick-meta":"","header-main-stick-meta":"","header-below-stick-meta":"","astra-migrate-meta-layouts":"default","ast-page-background-enabled":"default","ast-page-background-meta":{"desktop":{"background-color":"var(--ast-global-color-5)","background-image":"","background-repeat":"repeat","background-position":"center center","background-size":"auto","background-attachment":"scroll","background-type":"","background-media":"","overlay-type":"","overlay-color":"","overlay-opacity":"","overlay-gradient":""},"tablet":{"background-color":"","background-image":"","background-repeat":"repeat","background-position":"center center","background-size":"auto","background-attachment":"scroll","background-type":"","background-media":"","overlay-type":"","overlay-color":"","overlay-opacity":"","overlay-gradient":""},"mobile":{"background-color":"","background-image":"","background-repeat":"repeat","background-position":"center center","background-size":"auto","background-attachment":"scroll","background-type":"","background-media":"","overlay-type":"","overlay-color":"","overlay-opacity":"","overlay-gradient":""}},"ast-content-background-meta":{"desktop":{"background-color":"var(--ast-global-color-4)","background-image":"","background-repeat":"repeat","background-position":"center center","background-size":"auto","background-attachment":"scroll","background-type":"","background-media":"","overlay-type":"","overlay-color":"","overlay-opacity":"","overlay-gradient":""},"tablet":{"background-color":"var(--ast-global-color-4)","background-image":"","background-repeat":"repeat","background-position":"center center","background-size":"auto","background-attachment":"scroll","background-type":"","background-media":"","overlay-type":"","overlay-color":"","overlay-opacity":"","overlay-gradient":""},"mobile":{"background-color":"var(--ast-global-color-4)","background-image":"","background-repeat":"repeat","background-position":"center center","background-size":"auto","background-attachment":"scroll","background-type":"","background-media":"","overlay-type":"","overlay-color":"","overlay-opacity":"","overlay-gradient":""}},"footnotes":""},"class_list":["post-12274","page","type-page","status-publish","hentry"],"acf":[],"_links":{"self":[{"href":"https:\/\/g-wie-gerry.de\/en\/wp-json\/wp\/v2\/pages\/12274","targetHints":{"allow":["GET"]}}],"collection":[{"href":"https:\/\/g-wie-gerry.de\/en\/wp-json\/wp\/v2\/pages"}],"about":[{"href":"https:\/\/g-wie-gerry.de\/en\/wp-json\/wp\/v2\/types\/page"}],"author":[{"embeddable":true,"href":"https:\/\/g-wie-gerry.de\/en\/wp-json\/wp\/v2\/users\/1"}],"replies":[{"embeddable":true,"href":"https:\/\/g-wie-gerry.de\/en\/wp-json\/wp\/v2\/comments?post=12274"}],"version-history":[{"count":10,"href":"https:\/\/g-wie-gerry.de\/en\/wp-json\/wp\/v2\/pages\/12274\/revisions"}],"predecessor-version":[{"id":12311,"href":"https:\/\/g-wie-gerry.de\/en\/wp-json\/wp\/v2\/pages\/12274\/revisions\/12311"}],"wp:attachment":[{"href":"https:\/\/g-wie-gerry.de\/en\/wp-json\/wp\/v2\/media?parent=12274"}],"curies":[{"name":"wp","href":"https:\/\/api.w.org\/{rel}","templated":true}]}}