{"id":11568,"date":"2025-11-03T14:24:40","date_gmt":"2025-11-03T13:24:40","guid":{"rendered":"https:\/\/g-wie-gerry.de\/?page_id=11568"},"modified":"2026-02-24T14:01:11","modified_gmt":"2026-02-24T13:01:11","slug":"impressum","status":"publish","type":"page","link":"https:\/\/g-wie-gerry.de\/en\/impressum\/","title":{"rendered":"Legal Notice (Imprint)"},"content":{"rendered":"\t\t<div data-elementor-type=\"wp-page\" data-elementor-id=\"11568\" class=\"elementor elementor-11568\" data-elementor-post-type=\"page\">\n\t\t\t\t<div class=\"elementor-element elementor-element-38cd11c e-flex e-con-boxed e-con e-parent\" data-id=\"38cd11c\" data-element_type=\"container\" data-e-type=\"container\" data-settings=\"{&quot;background_background&quot;:&quot;classic&quot;}\">\n\t\t\t\t\t<div class=\"e-con-inner\">\n\t\t\t\t<div class=\"elementor-element elementor-element-9f85a1b elementor-widget elementor-widget-heading\" data-id=\"9f85a1b\" data-element_type=\"widget\" data-e-type=\"widget\" data-widget_type=\"heading.default\">\n\t\t\t\t\t<h2 class=\"elementor-heading-title elementor-size-default\">Impressum<\/h2>\t\t\t\t<\/div>\n\t\t\t\t<div class=\"elementor-element elementor-element-82e8fc7 elementor-widget elementor-widget-text-editor\" data-id=\"82e8fc7\" data-element_type=\"widget\" data-e-type=\"widget\" data-widget_type=\"text-editor.default\">\n\t\t\t\t\t\t\t\t\t<p>Gerry Schmahl<br \/>c\/o IP-Management #8973<br \/>Ludwig-Erhard-Stra\u00dfe 18<br \/>20459 Hamburg<\/p><p data-start=\"340\" data-end=\"476\"><strong data-start=\"340\" data-end=\"352\">Kontakt:<\/strong><\/p><p data-start=\"340\" data-end=\"476\">E-Mail: Kontakt@g-wie-gerry.de<br data-start=\"352\" data-end=\"355\" \/>Telegram: @G_wie_Gerry<br data-start=\"377\" data-end=\"380\" \/>Instagram: @G_wie_Gerry<br data-start=\"403\" data-end=\"406\" \/><em data-start=\"406\" data-end=\"474\">Hinweis: Diese Kan\u00e4le werden mindestens viermal t\u00e4glich abgerufen.<\/em><\/p><p data-start=\"340\" data-end=\"476\">Telefon: <a class=\"impressum-link\" href=\"tel:+4915679781219\">+4915679781219<\/a><br \/><span class=\"availability-note\">Telefonische Sprechzeiten: Werktags ab 18:30 &#8211; 20:00 Uhr. Nutzen Sie f\u00fcr dringende Anfragen bitte das <a href=\"https:\/\/g-wie-gerry.de\/#contact\">Kontaktformular<\/a> oder E-Mail.<\/span><\/p><p data-start=\"478\" data-end=\"576\"><strong data-start=\"478\" data-end=\"534\">Verantwortlich f\u00fcr den Inhalt nach \u00a7 55 Abs. 2 RStV:<\/strong><br data-start=\"534\" data-end=\"537\" \/>Gerry Schmahl<br data-start=\"553\" data-end=\"556\" \/>[Adresse wie oben]<\/p><p data-start=\"578\" data-end=\"810\"><strong data-start=\"578\" data-end=\"614\">Haftungsausschluss \/ Disclaimer:<\/strong><br data-start=\"614\" data-end=\"617\" \/>Trotz sorgf\u00e4ltiger inhaltlicher Kontrolle \u00fcbernehmen wir keine Haftung f\u00fcr die Inhalte externer Links. F\u00fcr den Inhalt der verlinkten Seiten sind ausschlie\u00dflich deren Betreiber verantwortlich.<\/p><p data-start=\"812\" data-end=\"1200\"><strong data-start=\"812\" data-end=\"829\">Urheberrecht:<\/strong><br data-start=\"829\" data-end=\"832\" \/>Die durch den Betreiber dieser Website erstellten Inhalte und Werke auf diesen Seiten unterliegen dem deutschen Urheberrecht. Beitr\u00e4ge Dritter sind als solche gekennzeichnet. Die Vervielf\u00e4ltigung, Bearbeitung, Verbreitung und jede Art der Verwertung au\u00dferhalb der Grenzen des Urheberrechts bed\u00fcrfen der schriftlichen Zustimmung des jeweiligen Autors bzw. Erstellers.<\/p><p data-start=\"1202\" data-end=\"1321\"><strong data-start=\"1202\" data-end=\"1218\">Datenschutz:<\/strong><br data-start=\"1218\" data-end=\"1221\" \/>Informationen zur Verarbeitung personenbezogener Daten finden Sie in unserer <a href=\"https:\/\/g-wie-gerry.de\/datenschutzerklaerung\/\">Datenschutzerkl\u00e4rung<\/a>.<\/p>\t\t\t\t\t\t\t\t<\/div>\n\t\t\t\t\t<\/div>\n\t\t\t\t<\/div>\n\t\t\t\t<\/div>\n\t\t","protected":false},"excerpt":{"rendered":"<p>Impressum Gerry Schmahlc\/o IP-Management #8973Ludwig-Erhard-Stra\u00dfe 1820459 Hamburg Kontakt: E-Mail: Kontakt@g-wie-gerry.deTelegram: @G_wie_GerryInstagram: @G_wie_GerryHinweis: Diese Kan\u00e4le werden mindestens viermal t\u00e4glich abgerufen. Telefon: [&hellip;]<\/p>\n","protected":false},"author":1,"featured_media":0,"parent":0,"menu_order":0,"comment_status":"closed","ping_status":"closed","template":"","meta":{"_acf_changed":false,"site-sidebar-layout":"no-sidebar","site-content-layout":"","ast-site-content-layout":"full-width-container","site-content-style":"default","site-sidebar-style":"default","ast-global-header-display":"","ast-banner-title-visibility":"","ast-main-header-display":"","ast-hfb-above-header-display":"","ast-hfb-below-header-display":"","ast-hfb-mobile-header-display":"","site-post-title":"disabled","ast-breadcrumbs-content":"","ast-featured-img":"disabled","footer-sml-layout":"","ast-disable-related-posts":"","theme-transparent-header-meta":"","adv-header-id-meta":"","stick-header-meta":"","header-above-stick-meta":"","header-main-stick-meta":"","header-below-stick-meta":"","astra-migrate-meta-layouts":"default","ast-page-background-enabled":"default","ast-page-background-meta":{"desktop":{"background-color":"var(--ast-global-color-5)","background-image":"","background-repeat":"repeat","background-position":"center center","background-size":"auto","background-attachment":"scroll","background-type":"","background-media":"","overlay-type":"","overlay-color":"","overlay-opacity":"","overlay-gradient":""},"tablet":{"background-color":"","background-image":"","background-repeat":"repeat","background-position":"center center","background-size":"auto","background-attachment":"scroll","background-type":"","background-media":"","overlay-type":"","overlay-color":"","overlay-opacity":"","overlay-gradient":""},"mobile":{"background-color":"","background-image":"","background-repeat":"repeat","background-position":"center center","background-size":"auto","background-attachment":"scroll","background-type":"","background-media":"","overlay-type":"","overlay-color":"","overlay-opacity":"","overlay-gradient":""}},"ast-content-background-meta":{"desktop":{"background-color":"var(--ast-global-color-4)","background-image":"","background-repeat":"repeat","background-position":"center center","background-size":"auto","background-attachment":"scroll","background-type":"","background-media":"","overlay-type":"","overlay-color":"","overlay-opacity":"","overlay-gradient":""},"tablet":{"background-color":"var(--ast-global-color-4)","background-image":"","background-repeat":"repeat","background-position":"center center","background-size":"auto","background-attachment":"scroll","background-type":"","background-media":"","overlay-type":"","overlay-color":"","overlay-opacity":"","overlay-gradient":""},"mobile":{"background-color":"var(--ast-global-color-4)","background-image":"","background-repeat":"repeat","background-position":"center center","background-size":"auto","background-attachment":"scroll","background-type":"","background-media":"","overlay-type":"","overlay-color":"","overlay-opacity":"","overlay-gradient":""}},"footnotes":""},"class_list":["post-11568","page","type-page","status-publish","hentry"],"acf":[],"_links":{"self":[{"href":"https:\/\/g-wie-gerry.de\/en\/wp-json\/wp\/v2\/pages\/11568","targetHints":{"allow":["GET"]}}],"collection":[{"href":"https:\/\/g-wie-gerry.de\/en\/wp-json\/wp\/v2\/pages"}],"about":[{"href":"https:\/\/g-wie-gerry.de\/en\/wp-json\/wp\/v2\/types\/page"}],"author":[{"embeddable":true,"href":"https:\/\/g-wie-gerry.de\/en\/wp-json\/wp\/v2\/users\/1"}],"replies":[{"embeddable":true,"href":"https:\/\/g-wie-gerry.de\/en\/wp-json\/wp\/v2\/comments?post=11568"}],"version-history":[{"count":10,"href":"https:\/\/g-wie-gerry.de\/en\/wp-json\/wp\/v2\/pages\/11568\/revisions"}],"predecessor-version":[{"id":14128,"href":"https:\/\/g-wie-gerry.de\/en\/wp-json\/wp\/v2\/pages\/11568\/revisions\/14128"}],"wp:attachment":[{"href":"https:\/\/g-wie-gerry.de\/en\/wp-json\/wp\/v2\/media?parent=11568"}],"curies":[{"name":"wp","href":"https:\/\/api.w.org\/{rel}","templated":true}]}}